{"id":6,"date":"2021-06-12T10:58:36","date_gmt":"2021-06-12T10:58:36","guid":{"rendered":"https:\/\/wagner-holistics.com\/?page_id=6"},"modified":"2026-01-06T21:15:21","modified_gmt":"2026-01-06T21:15:21","slug":"ueber-uns","status":"publish","type":"page","link":"https:\/\/wagner-holistics.com\/index.php\/ueber-uns\/","title":{"rendered":"\u00dcber uns"},"content":{"rendered":"\n<p>Halli Hallo Hall\u00f6chen, <\/p>\n\n\n\n<p>wir hei\u00dfen Pia und Anita. Und wir teilen uns beide den gleichen Nachnamen. Wir &#8211; oh \u00dcberraschung &#8211; sind die Wagner Schwestern. <br>Und wir wollen dich begleiten. Auf deinem Weg. <br>Ob es ein innehalten und den Moment wahrnehmen und sich besser orientieren ist. <br>Dies kann bedeuten. <br>&#8211; Innehalten<br>&#8211; Dich im Hier und Jetzt zu orientieren<br>&#8211; In die Tiefe zu tauchen\/ zu f\u00fchlen <br>&#8211; wissen wer du bist und was und wer Teile von dir sind. <br>&#8211; Wir k\u00f6nnen gemeinsam Schritte gehen &#8211; hin zu etwas und auch weg von etwas. <br>&#8211; Wir unterst\u00fctzen dich dabei Metaphern zu finden, die deine Innenwelt, dein Leben beschreiben und arbeiten damit. <br>&#8211; Wir gehen auf deinen K\u00f6rper ein. <br>&#8211; Wir laden dich ein zu f\u00fchlen. <br>&#8211; Wir laden dich ein ganz du selbst zu sein. <br><br>Sei mutig &#8211; wir sind es auch. <br>Sei lebendig &#8211; auch wenn viel gefroren ist. <br>Sei stark &#8211; und begegne deinen Schw\u00e4chen liebevoll. <br>Lass Dich tragen und Treiben, aber wisse wie es ist auf deinen eigenen Beinen zu stehen, zu gehen und zu gleiten. <br><br><\/p>\n","protected":false},"excerpt":{"rendered":"<p>Halli Hallo Hall\u00f6chen, wir hei\u00dfen Pia und Anita. Und wir teilen uns beide den gleichen Nachnamen. Wir &#8211; oh \u00dcberraschung &#8211; sind die Wagner Schwestern. Und wir wollen dich begleiten. Auf deinem Weg. Ob es ein innehalten und den Moment wahrnehmen und sich besser orientieren ist. Dies kann bedeuten. &#8211; Innehalten&#8211; Dich im Hier und&hellip; <a class=\"more-link\" href=\"https:\/\/wagner-holistics.com\/index.php\/ueber-uns\/\"><span class=\"screen-reader-text\">\u00dcber uns<\/span> weiterlesen<\/a><\/p>\n","protected":false},"author":1,"featured_media":0,"parent":0,"menu_order":0,"comment_status":"closed","ping_status":"closed","template":"","meta":{"footnotes":""},"class_list":["post-6","page","type-page","status-publish","hentry","entry"],"_links":{"self":[{"href":"https:\/\/wagner-holistics.com\/index.php\/wp-json\/wp\/v2\/pages\/6","targetHints":{"allow":["GET"]}}],"collection":[{"href":"https:\/\/wagner-holistics.com\/index.php\/wp-json\/wp\/v2\/pages"}],"about":[{"href":"https:\/\/wagner-holistics.com\/index.php\/wp-json\/wp\/v2\/types\/page"}],"author":[{"embeddable":true,"href":"https:\/\/wagner-holistics.com\/index.php\/wp-json\/wp\/v2\/users\/1"}],"replies":[{"embeddable":true,"href":"https:\/\/wagner-holistics.com\/index.php\/wp-json\/wp\/v2\/comments?post=6"}],"version-history":[{"count":2,"href":"https:\/\/wagner-holistics.com\/index.php\/wp-json\/wp\/v2\/pages\/6\/revisions"}],"predecessor-version":[{"id":26,"href":"https:\/\/wagner-holistics.com\/index.php\/wp-json\/wp\/v2\/pages\/6\/revisions\/26"}],"wp:attachment":[{"href":"https:\/\/wagner-holistics.com\/index.php\/wp-json\/wp\/v2\/media?parent=6"}],"curies":[{"name":"wp","href":"https:\/\/api.w.org\/{rel}","templated":true}]}}